{"id":2218,"date":"2020-07-18T03:09:31","date_gmt":"2020-07-18T03:09:31","guid":{"rendered":"http:\/\/canal8.info\/?page_id=2218"},"modified":"2020-10-05T01:48:07","modified_gmt":"2020-10-05T01:48:07","slug":"quienes-somos","status":"publish","type":"page","link":"https:\/\/canal8.info\/?page_id=2218","title":{"rendered":"Quienes Somos"},"content":{"rendered":"\t\t<div data-elementor-type=\"wp-page\" data-elementor-id=\"2218\" class=\"elementor elementor-2218\">\n\t\t\t\t\t\t<section class=\"elementor-section elementor-top-section elementor-element elementor-element-7773ffb elementor-section-boxed elementor-section-height-default elementor-section-height-default\" data-id=\"7773ffb\" data-element_type=\"section\" data-e-type=\"section\">\n\t\t\t\t\t\t<div class=\"elementor-container elementor-column-gap-default\">\n\t\t\t\t\t<div class=\"elementor-column elementor-col-50 elementor-top-column elementor-element elementor-element-aa31f3d\" data-id=\"aa31f3d\" data-element_type=\"column\" data-e-type=\"column\">\n\t\t\t<div class=\"elementor-widget-wrap elementor-element-populated\">\n\t\t\t\t\t\t<div class=\"elementor-element elementor-element-a3bc82b elementor-widget elementor-widget-text-editor\" data-id=\"a3bc82b\" data-element_type=\"widget\" data-e-type=\"widget\" data-widget_type=\"text-editor.default\">\n\t\t\t\t<div class=\"elementor-widget-container\">\n\t\t\t\t\t\t\t\t\t<h3>Juan Ignacio Ben\u00edtez Ocampo<\/h3>\t\t\t\t\t\t\t\t<\/div>\n\t\t\t\t<\/div>\n\t\t\t\t<div class=\"elementor-element elementor-element-c88225b elementor-widget elementor-widget-text-editor\" data-id=\"c88225b\" data-element_type=\"widget\" data-e-type=\"widget\" data-widget_type=\"text-editor.default\">\n\t\t\t\t<div class=\"elementor-widget-container\">\n\t\t\t\t\t\t\t\t\t<p>Director General de Canal 8. Hijo del fundador de la se\u00f1al Don Rub\u00e9n Ciriaco Ben\u00edtez.<\/p><p>Futuro licenciado en Relaciones Internacionales. Se dedica a la comunicaci\u00f3n pol\u00edtica desde el a\u00f1o 2014.<\/p><p>Durante el el per\u00edodo 2002-2003 con tan solo 14 a\u00f1os debi\u00f3 hacerse cargo del Canal junto a sus hermanos. Luego estuvo bajo la direcci\u00f3n del Se\u00f1or Rub\u00e9n Aparicio hasta el a\u00f1o 2017.<\/p><p>Entre los a\u00f1os 2018 y 2020, fue Director de Prensa de la Municipalidad de Tartagal. Al finalizar su mandato a fines del a\u00f1o 2019 refund\u00f3 Canal 8.<\/p>\t\t\t\t\t\t\t\t<\/div>\n\t\t\t\t<\/div>\n\t\t\t\t\t<\/div>\n\t\t<\/div>\n\t\t\t\t<div class=\"elementor-column elementor-col-50 elementor-top-column elementor-element elementor-element-eb2a4a6\" data-id=\"eb2a4a6\" data-element_type=\"column\" data-e-type=\"column\">\n\t\t\t<div class=\"elementor-widget-wrap elementor-element-populated\">\n\t\t\t\t\t\t<div class=\"elementor-element elementor-element-d019a5f elementor-invisible elementor-widget elementor-widget-image\" data-id=\"d019a5f\" data-element_type=\"widget\" data-e-type=\"widget\" data-settings=\"{&quot;_animation&quot;:&quot;fadeIn&quot;}\" data-widget_type=\"image.default\">\n\t\t\t\t<div class=\"elementor-widget-container\">\n\t\t\t\t\t\t\t\t\t\t\t\t\t\t\t<img fetchpriority=\"high\" decoding=\"async\" width=\"806\" height=\"806\" src=\"https:\/\/canal8.info\/wp-content\/uploads\/2020\/07\/106558478_3092194584193011_1597133013352806324_n.jpg\" class=\"attachment-full size-full wp-image-2219\" alt=\"\" srcset=\"https:\/\/canal8.info\/wp-content\/uploads\/2020\/07\/106558478_3092194584193011_1597133013352806324_n.jpg 806w, https:\/\/canal8.info\/wp-content\/uploads\/2020\/07\/106558478_3092194584193011_1597133013352806324_n-300x300.jpg 300w, https:\/\/canal8.info\/wp-content\/uploads\/2020\/07\/106558478_3092194584193011_1597133013352806324_n-150x150.jpg 150w, https:\/\/canal8.info\/wp-content\/uploads\/2020\/07\/106558478_3092194584193011_1597133013352806324_n-768x768.jpg 768w, https:\/\/canal8.info\/wp-content\/uploads\/2020\/07\/106558478_3092194584193011_1597133013352806324_n-600x600.jpg 600w, https:\/\/canal8.info\/wp-content\/uploads\/2020\/07\/106558478_3092194584193011_1597133013352806324_n-100x100.jpg 100w, https:\/\/canal8.info\/wp-content\/uploads\/2020\/07\/106558478_3092194584193011_1597133013352806324_n-75x75.jpg 75w, https:\/\/canal8.info\/wp-content\/uploads\/2020\/07\/106558478_3092194584193011_1597133013352806324_n-750x750.jpg 750w\" sizes=\"(max-width: 806px) 100vw, 806px\" \/>\t\t\t\t\t\t\t\t\t\t\t\t\t\t\t<\/div>\n\t\t\t\t<\/div>\n\t\t\t\t\t<\/div>\n\t\t<\/div>\n\t\t\t\t\t<\/div>\n\t\t<\/section>\n\t\t\t\t<section class=\"elementor-section elementor-top-section elementor-element elementor-element-8e89882 elementor-section-boxed elementor-section-height-default elementor-section-height-default\" data-id=\"8e89882\" data-element_type=\"section\" data-e-type=\"section\">\n\t\t\t\t\t\t<div class=\"elementor-container elementor-column-gap-default\">\n\t\t\t\t\t<div class=\"elementor-column elementor-col-33 elementor-top-column elementor-element elementor-element-2c3142d\" data-id=\"2c3142d\" data-element_type=\"column\" data-e-type=\"column\">\n\t\t\t<div class=\"elementor-widget-wrap elementor-element-populated\">\n\t\t\t\t\t\t<div class=\"elementor-element elementor-element-3dfabf2 elementor-align-center elementor-widget elementor-widget-button\" data-id=\"3dfabf2\" data-element_type=\"widget\" data-e-type=\"widget\" data-widget_type=\"button.default\">\n\t\t\t\t<div class=\"elementor-widget-container\">\n\t\t\t\t\t\t\t\t\t<div class=\"elementor-button-wrapper\">\n\t\t\t\t\t<a class=\"elementor-button elementor-button-link elementor-size-sm\" href=\"https:\/\/wa.link\/uyw3is\">\n\t\t\t\t\t\t<span class=\"elementor-button-content-wrapper\">\n\t\t\t\t\t\t<span class=\"elementor-button-icon\">\n\t\t\t\t<i aria-hidden=\"true\" class=\"fab fa-whatsapp\"><\/i>\t\t\t<\/span>\n\t\t\t\t\t\t\t\t\t<span class=\"elementor-button-text\">Whatsapp<\/span>\n\t\t\t\t\t<\/span>\n\t\t\t\t\t<\/a>\n\t\t\t\t<\/div>\n\t\t\t\t\t\t\t\t<\/div>\n\t\t\t\t<\/div>\n\t\t\t\t\t<\/div>\n\t\t<\/div>\n\t\t\t\t<div class=\"elementor-column elementor-col-33 elementor-top-column elementor-element elementor-element-47df0bc\" data-id=\"47df0bc\" data-element_type=\"column\" data-e-type=\"column\">\n\t\t\t<div class=\"elementor-widget-wrap elementor-element-populated\">\n\t\t\t\t\t\t<div class=\"elementor-element elementor-element-8c3c95f elementor-button-info elementor-align-center elementor-widget elementor-widget-button\" data-id=\"8c3c95f\" data-element_type=\"widget\" data-e-type=\"widget\" data-widget_type=\"button.default\">\n\t\t\t\t<div class=\"elementor-widget-container\">\n\t\t\t\t\t\t\t\t\t<div class=\"elementor-button-wrapper\">\n\t\t\t\t\t<a class=\"elementor-button elementor-button-link elementor-size-sm\" href=\"https:\/\/twitter.com\/juanbocampo\">\n\t\t\t\t\t\t<span class=\"elementor-button-content-wrapper\">\n\t\t\t\t\t\t<span class=\"elementor-button-icon\">\n\t\t\t\t<i aria-hidden=\"true\" class=\"fab fa-twitter\"><\/i>\t\t\t<\/span>\n\t\t\t\t\t\t\t\t\t<span class=\"elementor-button-text\">Twitter<\/span>\n\t\t\t\t\t<\/span>\n\t\t\t\t\t<\/a>\n\t\t\t\t<\/div>\n\t\t\t\t\t\t\t\t<\/div>\n\t\t\t\t<\/div>\n\t\t\t\t\t<\/div>\n\t\t<\/div>\n\t\t\t\t<div class=\"elementor-column elementor-col-33 elementor-top-column elementor-element elementor-element-0db5eca\" data-id=\"0db5eca\" data-element_type=\"column\" data-e-type=\"column\">\n\t\t\t<div class=\"elementor-widget-wrap elementor-element-populated\">\n\t\t\t\t\t\t<div class=\"elementor-element elementor-element-e4049d9 elementor-button-danger elementor-align-center elementor-widget elementor-widget-button\" data-id=\"e4049d9\" data-element_type=\"widget\" data-e-type=\"widget\" data-widget_type=\"button.default\">\n\t\t\t\t<div class=\"elementor-widget-container\">\n\t\t\t\t\t\t\t\t\t<div class=\"elementor-button-wrapper\">\n\t\t\t\t\t<a class=\"elementor-button elementor-button-link elementor-size-sm\" href=\"https:\/\/www.instagram.com\/vanibenitez\/\">\n\t\t\t\t\t\t<span class=\"elementor-button-content-wrapper\">\n\t\t\t\t\t\t<span class=\"elementor-button-icon\">\n\t\t\t\t<i aria-hidden=\"true\" class=\"fab fa-instagram\"><\/i>\t\t\t<\/span>\n\t\t\t\t\t\t\t\t\t<span class=\"elementor-button-text\">Instagram<\/span>\n\t\t\t\t\t<\/span>\n\t\t\t\t\t<\/a>\n\t\t\t\t<\/div>\n\t\t\t\t\t\t\t\t<\/div>\n\t\t\t\t<\/div>\n\t\t\t\t\t<\/div>\n\t\t<\/div>\n\t\t\t\t\t<\/div>\n\t\t<\/section>\n\t\t\t\t<section class=\"elementor-section elementor-top-section elementor-element elementor-element-90dee16 elementor-section-boxed elementor-section-height-default elementor-section-height-default\" data-id=\"90dee16\" data-element_type=\"section\" data-e-type=\"section\">\n\t\t\t\t\t\t<div class=\"elementor-container elementor-column-gap-default\">\n\t\t\t\t\t<div class=\"elementor-column elementor-col-50 elementor-top-column elementor-element elementor-element-9cae5ab\" data-id=\"9cae5ab\" data-element_type=\"column\" data-e-type=\"column\">\n\t\t\t<div class=\"elementor-widget-wrap elementor-element-populated\">\n\t\t\t\t\t\t<div class=\"elementor-element elementor-element-6d4547f elementor-widget elementor-widget-heading\" data-id=\"6d4547f\" data-element_type=\"widget\" data-e-type=\"widget\" data-widget_type=\"heading.default\">\n\t\t\t\t<div class=\"elementor-widget-container\">\n\t\t\t\t\t<h2 class=\"elementor-heading-title elementor-size-default\">JOAQU\u00cdN CARRIZO<\/h2>\t\t\t\t<\/div>\n\t\t\t\t<\/div>\n\t\t\t\t<div class=\"elementor-element elementor-element-f347cd2 elementor-widget elementor-widget-text-editor\" data-id=\"f347cd2\" data-element_type=\"widget\" data-e-type=\"widget\" data-widget_type=\"text-editor.default\">\n\t\t\t\t<div class=\"elementor-widget-container\">\n\t\t\t\t\t\t\t\t\t<p>Cronista de exteriores de Canal 8.<\/p><p>Estudiante del Profesorado de Historia y de Comunicaci\u00f3n social con una amplia trayectoria en periodismo gr\u00e1ficos.<\/p><p>Desde el a\u00f1o 2020 empez\u00f3 como cronista de exteriores de Canal 8 logrando entrevistas muy importantes.<\/p>\t\t\t\t\t\t\t\t<\/div>\n\t\t\t\t<\/div>\n\t\t\t\t\t<\/div>\n\t\t<\/div>\n\t\t\t\t<div class=\"elementor-column elementor-col-50 elementor-top-column elementor-element elementor-element-0f47820\" data-id=\"0f47820\" data-element_type=\"column\" data-e-type=\"column\">\n\t\t\t<div class=\"elementor-widget-wrap elementor-element-populated\">\n\t\t\t\t\t\t<div class=\"elementor-element elementor-element-1bacc9f elementor-widget elementor-widget-image\" data-id=\"1bacc9f\" data-element_type=\"widget\" data-e-type=\"widget\" data-widget_type=\"image.default\">\n\t\t\t\t<div class=\"elementor-widget-container\">\n\t\t\t\t\t\t\t\t\t\t\t\t\t\t\t<img decoding=\"async\" width=\"776\" height=\"1024\" src=\"https:\/\/canal8.info\/wp-content\/uploads\/2020\/10\/104537828_103598168073393_1852168817037449267_o-1-776x1024.jpg\" class=\"attachment-large size-large wp-image-2454\" alt=\"\" srcset=\"https:\/\/canal8.info\/wp-content\/uploads\/2020\/10\/104537828_103598168073393_1852168817037449267_o-1-776x1024.jpg 776w, https:\/\/canal8.info\/wp-content\/uploads\/2020\/10\/104537828_103598168073393_1852168817037449267_o-1-227x300.jpg 227w, https:\/\/canal8.info\/wp-content\/uploads\/2020\/10\/104537828_103598168073393_1852168817037449267_o-1-768x1014.jpg 768w, https:\/\/canal8.info\/wp-content\/uploads\/2020\/10\/104537828_103598168073393_1852168817037449267_o-1-1163x1536.jpg 1163w, https:\/\/canal8.info\/wp-content\/uploads\/2020\/10\/104537828_103598168073393_1852168817037449267_o-1-750x990.jpg 750w, https:\/\/canal8.info\/wp-content\/uploads\/2020\/10\/104537828_103598168073393_1852168817037449267_o-1-1140x1505.jpg 1140w, https:\/\/canal8.info\/wp-content\/uploads\/2020\/10\/104537828_103598168073393_1852168817037449267_o-1.jpg 1551w\" sizes=\"(max-width: 776px) 100vw, 776px\" \/>\t\t\t\t\t\t\t\t\t\t\t\t\t\t\t<\/div>\n\t\t\t\t<\/div>\n\t\t\t\t\t<\/div>\n\t\t<\/div>\n\t\t\t\t\t<\/div>\n\t\t<\/section>\n\t\t\t\t<section class=\"elementor-section elementor-top-section elementor-element elementor-element-0b87049 elementor-section-boxed elementor-section-height-default elementor-section-height-default\" data-id=\"0b87049\" data-element_type=\"section\" data-e-type=\"section\">\n\t\t\t\t\t\t<div class=\"elementor-container elementor-column-gap-default\">\n\t\t\t\t\t<div class=\"elementor-column elementor-col-100 elementor-top-column elementor-element elementor-element-72265b5\" data-id=\"72265b5\" data-element_type=\"column\" data-e-type=\"column\">\n\t\t\t<div class=\"elementor-widget-wrap elementor-element-populated\">\n\t\t\t\t\t\t<div class=\"elementor-element elementor-element-994bcc0 elementor-align-center elementor-widget elementor-widget-button\" data-id=\"994bcc0\" data-element_type=\"widget\" data-e-type=\"widget\" data-widget_type=\"button.default\">\n\t\t\t\t<div class=\"elementor-widget-container\">\n\t\t\t\t\t\t\t\t\t<div class=\"elementor-button-wrapper\">\n\t\t\t\t\t<a class=\"elementor-button elementor-button-link elementor-size-sm\" href=\"https:\/\/api.whatsapp.com\/send?phone=543873412950&#038;text=Te%20v%C3%AD%20en%20la%20P%C3%A1gina%20de%20Canal%208\">\n\t\t\t\t\t\t<span class=\"elementor-button-content-wrapper\">\n\t\t\t\t\t\t<span class=\"elementor-button-icon\">\n\t\t\t\t<i aria-hidden=\"true\" class=\"fab fa-whatsapp\"><\/i>\t\t\t<\/span>\n\t\t\t\t\t\t\t\t\t<span class=\"elementor-button-text\">Whatsapp<\/span>\n\t\t\t\t\t<\/span>\n\t\t\t\t\t<\/a>\n\t\t\t\t<\/div>\n\t\t\t\t\t\t\t\t<\/div>\n\t\t\t\t<\/div>\n\t\t\t\t\t<\/div>\n\t\t<\/div>\n\t\t\t\t\t<\/div>\n\t\t<\/section>\n\t\t\t\t<\/div>\n\t\t","protected":false},"excerpt":{"rendered":"<p>Juan Ignacio Ben\u00edtez Ocampo Director General de Canal 8. Hijo del fundador de la se\u00f1al Don Rub\u00e9n Ciriaco Ben\u00edtez. Futuro licenciado en Relaciones Internacionales. Se dedica a la comunicaci\u00f3n pol\u00edtica desde el a\u00f1o 2014. Durante el el per\u00edodo 2002-2003 con tan solo 14 a\u00f1os debi\u00f3 hacerse cargo del Canal junto a sus hermanos. Luego estuvo [&hellip;]<\/p>\n","protected":false},"author":1,"featured_media":0,"parent":0,"menu_order":0,"comment_status":"closed","ping_status":"closed","template":"","meta":{"jnews_page_loop":[],"jnews_single_page":[],"jnews_social_meta":[],"footnotes":""},"class_list":["post-2218","page","type-page","status-publish","hentry"],"jetpack_sharing_enabled":true,"jetpack_likes_enabled":true,"amp_enabled":true,"_links":{"self":[{"href":"https:\/\/canal8.info\/index.php?rest_route=\/wp\/v2\/pages\/2218","targetHints":{"allow":["GET"]}}],"collection":[{"href":"https:\/\/canal8.info\/index.php?rest_route=\/wp\/v2\/pages"}],"about":[{"href":"https:\/\/canal8.info\/index.php?rest_route=\/wp\/v2\/types\/page"}],"author":[{"embeddable":true,"href":"https:\/\/canal8.info\/index.php?rest_route=\/wp\/v2\/users\/1"}],"replies":[{"embeddable":true,"href":"https:\/\/canal8.info\/index.php?rest_route=%2Fwp%2Fv2%2Fcomments&post=2218"}],"version-history":[{"count":3,"href":"https:\/\/canal8.info\/index.php?rest_route=\/wp\/v2\/pages\/2218\/revisions"}],"predecessor-version":[{"id":2455,"href":"https:\/\/canal8.info\/index.php?rest_route=\/wp\/v2\/pages\/2218\/revisions\/2455"}],"wp:attachment":[{"href":"https:\/\/canal8.info\/index.php?rest_route=%2Fwp%2Fv2%2Fmedia&parent=2218"}],"curies":[{"name":"wp","href":"https:\/\/api.w.org\/{rel}","templated":true}]}}